{"id":173,"date":"2025-02-07T17:23:19","date_gmt":"2025-02-07T16:23:19","guid":{"rendered":"https:\/\/www.papiliandco.be\/?page_id=173"},"modified":"2025-02-16T21:26:48","modified_gmt":"2025-02-16T20:26:48","slug":"our-bread","status":"publish","type":"page","link":"https:\/\/www.papiliandco.be\/?page_id=173","title":{"rendered":"Nos Produits"},"content":{"rendered":"\t\t<div data-elementor-type=\"wp-page\" data-elementor-id=\"173\" class=\"elementor elementor-173\" data-elementor-post-type=\"page\">\n\t\t\t\t<div class=\"elementor-element elementor-element-e68f600 e-con-full e-flex e-con e-parent\" data-id=\"e68f600\" data-element_type=\"container\" data-settings=\"{&quot;background_background&quot;:&quot;classic&quot;}\">\n\t\t\t\t<div class=\"elementor-element elementor-element-d708fa1 elementor-widget__width-inherit elementor-widget elementor-widget-hero\" data-id=\"d708fa1\" data-element_type=\"widget\" data-settings=\"{&quot;primary_button_shape&quot;:&quot;default&quot;,&quot;image_shape&quot;:&quot;sharp&quot;}\" data-widget_type=\"hero.default\">\n\t\t\t\t<div class=\"elementor-widget-container\">\n\t\t\t\t\t\t\t<div class=\"ehp-hero\">\n\t\t\t\t\t<div class=\"ehp-hero__text-container\">\n\t\t\t<h2 class=\"ehp-hero__heading\">Nos produits\n<\/h2>\t\t\t<h3 class=\"ehp-hero__subheading\">Produits faits maison\u200b<\/h3>\t\t<\/div>\n\t\t\t\t<div class=\"ehp-hero__button-container\">\n\t\t\t\t\t<a class=\"has-shape-default shape-type-button ehp-button ehp-button--primary ehp-hero__button ehp-hero__button--primary is-type-button\">\n\t\t\t\t\t<span class=\"ehp-button__text ehp-hero__button-text ehp-hero__button-text--primary\">\n\t\t\tNous contacter\t\t\t\t<\/a>\n\t\t\t\t<\/div>\n\t\t\t\t\t<div class=\"ehp-image ehp-hero__image-container\">\n\t\t\t\t<img decoding=\"async\" class=\"ehp-image__img ehp-hero__img has-shape-sharp shape-type-image\" src=\"https:\/\/www.papiliandco.be\/wp-content\/uploads\/2025\/02\/nos_produits_noel_1532x1024.webp\" title=\"nos_produits_noel_1532x1024\" alt=\"nos_produits_noel_1532x1024\" loading=\"lazy\" \/>\t\t\t<\/div>\n\t\t\t\t\t<\/div>\n\t\t\t\t\t\t<\/div>\n\t\t\t\t<\/div>\n\t\t\t\t<\/div>\n\t\t<div class=\"elementor-element elementor-element-5eb2178 e-flex e-con-boxed e-con e-parent\" data-id=\"5eb2178\" data-element_type=\"container\" data-settings=\"{&quot;background_background&quot;:&quot;classic&quot;}\">\n\t\t\t\t\t<div class=\"e-con-inner\">\n\t\t\t\t<div class=\"elementor-element elementor-element-23df44c1 elementor-position-left elementor-vertical-align-middle elementor-position-left elementor-widget elementor-widget-image-box\" data-id=\"23df44c1\" data-element_type=\"widget\" data-widget_type=\"image-box.default\">\n\t\t\t\t<div class=\"elementor-widget-container\">\n\t\t\t\t\t<div class=\"elementor-image-box-wrapper\"><figure class=\"elementor-image-box-img\"><img fetchpriority=\"high\" decoding=\"async\" width=\"250\" height=\"255\" src=\"https:\/\/www.papiliandco.be\/wp-content\/uploads\/2025\/01\/Bownies_morceaux-edited-e1737901016855.jpg\" class=\"attachment-full size-full wp-image-113\" alt=\"\" \/><\/figure><div class=\"elementor-image-box-content\"><h3 class=\"elementor-image-box-title\">Brownies by Papili<\/h3><p class=\"elementor-image-box-description\">D\u00e9licieux brownies au chocolat noir et au coeur moelleux.<br>Disponible en plusieurs formats | <span style=\"font-weight: 700\">1 kg \/ 500g \/ 3x50g<\/span><\/p><\/div><\/div>\t\t\t\t<\/div>\n\t\t\t\t<\/div>\n\t\t\t\t<div class=\"elementor-element elementor-element-48b5d3b7 elementor-position-left elementor-vertical-align-middle elementor-widget elementor-widget-image-box\" data-id=\"48b5d3b7\" data-element_type=\"widget\" data-widget_type=\"image-box.default\">\n\t\t\t\t<div class=\"elementor-widget-container\">\n\t\t\t\t\t<div class=\"elementor-image-box-wrapper\"><figure class=\"elementor-image-box-img\"><img decoding=\"async\" width=\"250\" height=\"221\" src=\"https:\/\/www.papiliandco.be\/wp-content\/uploads\/2025\/02\/cookies_clays.jpg\" class=\"attachment-full size-full wp-image-517\" alt=\"\" \/><\/figure><div class=\"elementor-image-box-content\"><h3 class=\"elementor-image-box-title\">Cookies USA<\/h3><p class=\"elementor-image-box-description\">Croustillants \u00e0 l'exterieur et moelleux \u00e0 l'int\u00e9rieur, compos\u00e9s de chocolat, noix de p\u00e9can, cranberges et noisettes .... un d\u00e9lice <br>Disponible en diff\u00e9rents poids | <b>60g \/ 40g \/ 4x20g<\/b><\/p><\/div><\/div>\t\t\t\t<\/div>\n\t\t\t\t<\/div>\n\t\t\t\t<div class=\"elementor-element elementor-element-74cb5398 elementor-position-left elementor-vertical-align-middle elementor-widget elementor-widget-image-box\" data-id=\"74cb5398\" data-element_type=\"widget\" data-widget_type=\"image-box.default\">\n\t\t\t\t<div class=\"elementor-widget-container\">\n\t\t\t\t\t<div class=\"elementor-image-box-wrapper\"><figure class=\"elementor-image-box-img\"><img decoding=\"async\" width=\"250\" height=\"250\" src=\"https:\/\/www.papiliandco.be\/wp-content\/uploads\/2025\/02\/creme-vanille-e1739109078324.webp\" class=\"attachment-full size-full wp-image-285\" alt=\"\" \/><\/figure><div class=\"elementor-image-box-content\"><h3 class=\"elementor-image-box-title\">Cr\u00e8me Vanille<\/h3><p class=\"elementor-image-box-description\">Cr\u00e8me vanille, riche et oncteuse avec un subtil go\u00fbt de vanille bourbon, les amateurs seront conquis <br>Disponible en | <b>150cl  \/ 120cl \/ 80cl<\/b><br><br>\n\n\n*image d'illustration<\/p><\/div><\/div>\t\t\t\t<\/div>\n\t\t\t\t<\/div>\n\t\t\t\t<div class=\"elementor-element elementor-element-ea7fc69 elementor-position-left elementor-vertical-align-middle elementor-widget elementor-widget-image-box\" data-id=\"ea7fc69\" data-element_type=\"widget\" data-widget_type=\"image-box.default\">\n\t\t\t\t<div class=\"elementor-widget-container\">\n\t\t\t\t\t<div class=\"elementor-image-box-wrapper\"><figure class=\"elementor-image-box-img\"><img loading=\"lazy\" decoding=\"async\" width=\"250\" height=\"167\" src=\"https:\/\/www.papiliandco.be\/wp-content\/uploads\/2025\/02\/creme-chocolat-e1739109097353.webp\" class=\"attachment-full size-full wp-image-286\" alt=\"\" \/><\/figure><div class=\"elementor-image-box-content\"><h3 class=\"elementor-image-box-title\">Cr\u00e8me Chocolat<\/h3><p class=\"elementor-image-box-description\">Cr\u00e8me au chocolat noir, riche et oncteuse.<br>Disponible en | <b>150cl  \/ 120cl \/ 80cl<\/b><br><br>\n*image d'illustration<\/p><\/div><\/div>\t\t\t\t<\/div>\n\t\t\t\t<\/div>\n\t\t\t\t<div class=\"elementor-element elementor-element-68cdac5 elementor-position-left elementor-vertical-align-middle elementor-widget elementor-widget-image-box\" data-id=\"68cdac5\" data-element_type=\"widget\" data-widget_type=\"image-box.default\">\n\t\t\t\t<div class=\"elementor-widget-container\">\n\t\t\t\t\t<div class=\"elementor-image-box-wrapper\"><figure class=\"elementor-image-box-img\"><img loading=\"lazy\" decoding=\"async\" width=\"250\" height=\"250\" src=\"https:\/\/www.papiliandco.be\/wp-content\/uploads\/2025\/02\/mousse-choco-noisette-e1739109056641.webp\" class=\"attachment-full size-full wp-image-284\" alt=\"\" \/><\/figure><div class=\"elementor-image-box-content\"><h3 class=\"elementor-image-box-title\">Mousse au chocolat by Papili<\/h3><p class=\"elementor-image-box-description\">Le fleuron de notre gamme : m\u00e9lange de chocolat noir, chocolat au lait et de noisettes torr\u00e9fi\u00e9es. Cette mousse plaira aux plus petits comme aux plus grands. <br>Disponible en | <b>150cl \/ 120cl \/ 80cl<\/b><br><br>\n\n\n*image d'illustration<\/p><\/div><\/div>\t\t\t\t<\/div>\n\t\t\t\t<\/div>\n\t\t\t\t\t<\/div>\n\t\t\t\t<\/div>\n\t\t<div class=\"elementor-element elementor-element-459528d8 e-con-full e-flex e-con e-parent\" data-id=\"459528d8\" data-element_type=\"container\" data-settings=\"{&quot;background_background&quot;:&quot;classic&quot;}\">\n\t\t<div class=\"elementor-element elementor-element-6e581bf0 e-con-full e-flex e-con e-child\" data-id=\"6e581bf0\" data-element_type=\"container\" data-settings=\"{&quot;background_background&quot;:&quot;classic&quot;}\">\n\t\t\t\t<\/div>\n\t\t<div class=\"elementor-element elementor-element-5847c657 e-con-full e-flex e-con e-child\" data-id=\"5847c657\" data-element_type=\"container\" data-settings=\"{&quot;background_background&quot;:&quot;classic&quot;}\">\n\t\t\t\t<div class=\"elementor-element elementor-element-7d8cbf18 elementor-widget__width-initial elementor-view-default elementor-position-block-start elementor-mobile-position-block-start elementor-widget elementor-widget-icon-box\" data-id=\"7d8cbf18\" data-element_type=\"widget\" data-widget_type=\"icon-box.default\">\n\t\t\t\t<div class=\"elementor-widget-container\">\n\t\t\t\t\t\t\t<div class=\"elementor-icon-box-wrapper\">\n\n\t\t\t\t\t\t<div class=\"elementor-icon-box-icon\">\n\t\t\t\t<span  class=\"elementor-icon\">\n\t\t\t\t<svg xmlns=\"http:\/\/www.w3.org\/2000\/svg\" id=\"babd51c6-232f-4668-aa27-cf262924e93d\" data-name=\"Layer 1\" width=\"61.8\" height=\"53.9999\" viewBox=\"0 0 61.8 53.9999\"><path d=\"M58.6,34.2a11.0935,11.0935,0,0,0-8.4-3.6,4.0745,4.0745,0,0,1-3-1,4.5281,4.5281,0,0,1-1-3q0-6.6,4.8-13A39.3606,39.3606,0,0,1,62,3.4L59.8.2Q47.2,6.4,41,15.6a35.6044,35.6044,0,0,0-6,20.2q0,8.2,4,13.4a13.8883,13.8883,0,0,0,11.2,5A11.7892,11.7892,0,0,0,58.6,51a11.0936,11.0936,0,0,0,3.6-8.4A11.0936,11.0936,0,0,0,58.6,34.2Z\" transform=\"translate(-0.4 -0.2)\"><\/path><path d=\"M15.6,30.6a4.0745,4.0745,0,0,1-3-1,4.5281,4.5281,0,0,1-1-3q0-6.6,4.8-13a39.3606,39.3606,0,0,1,11-10.2L25.2.2Q12.6,6.4,6.4,15.6a35.6044,35.6044,0,0,0-6,20.2q0,8.2,4,13.4a13.8883,13.8883,0,0,0,11.2,5A11.7892,11.7892,0,0,0,24,51a11.0936,11.0936,0,0,0,3.6-8.4A11.0936,11.0936,0,0,0,24,34.2,11.0935,11.0935,0,0,0,15.6,30.6Z\" transform=\"translate(-0.4 -0.2)\"><\/path><\/svg>\t\t\t\t<\/span>\n\t\t\t<\/div>\n\t\t\t\n\t\t\t\t\t\t<div class=\"elementor-icon-box-content\">\n\n\t\t\t\t\t\t\t\t\t<h3 class=\"elementor-icon-box-title\">\n\t\t\t\t\t\t<span  >\n\t\t\t\t\t\t\tExemple de buffet de dessert command\u00e9 pour un anniversaire .... \t\t\t\t\t\t<\/span>\n\t\t\t\t\t<\/h3>\n\t\t\t\t\n\t\t\t\t\t\t\t\t\t<p class=\"elementor-icon-box-description\">\n\t\t\t\t\t\tanniversaire  nov\/24 y;h;\t\t\t\t\t<\/p>\n\t\t\t\t\n\t\t\t<\/div>\n\t\t\t\n\t\t<\/div>\n\t\t\t\t\t\t<\/div>\n\t\t\t\t<\/div>\n\t\t\t\t<\/div>\n\t\t\t\t<\/div>\n\t\t\t\t<\/div>\n\t\t","protected":false},"excerpt":{"rendered":"<p>Nos produits Produits faits maison\u200b Nous contacter Brownies by Papili D\u00e9licieux brownies au chocolat noir et au coeur moelleux.Disponible en plusieurs formats | 1 kg \/ 500g \/ 3x50g Cookies USA Croustillants \u00e0 l&rsquo;exterieur et moelleux \u00e0 l&rsquo;int\u00e9rieur, compos\u00e9s de chocolat, noix de p\u00e9can, cranberges et noisettes &#8230;. un d\u00e9lice Disponible en diff\u00e9rents poids | [&hellip;]<\/p>\n","protected":false},"author":1,"featured_media":0,"parent":0,"menu_order":0,"comment_status":"closed","ping_status":"closed","template":"elementor_header_footer","meta":{"footnotes":""},"class_list":["post-173","page","type-page","status-publish","hentry"],"_links":{"self":[{"href":"https:\/\/www.papiliandco.be\/index.php?rest_route=\/wp\/v2\/pages\/173","targetHints":{"allow":["GET"]}}],"collection":[{"href":"https:\/\/www.papiliandco.be\/index.php?rest_route=\/wp\/v2\/pages"}],"about":[{"href":"https:\/\/www.papiliandco.be\/index.php?rest_route=\/wp\/v2\/types\/page"}],"author":[{"embeddable":true,"href":"https:\/\/www.papiliandco.be\/index.php?rest_route=\/wp\/v2\/users\/1"}],"replies":[{"embeddable":true,"href":"https:\/\/www.papiliandco.be\/index.php?rest_route=%2Fwp%2Fv2%2Fcomments&post=173"}],"version-history":[{"count":85,"href":"https:\/\/www.papiliandco.be\/index.php?rest_route=\/wp\/v2\/pages\/173\/revisions"}],"predecessor-version":[{"id":520,"href":"https:\/\/www.papiliandco.be\/index.php?rest_route=\/wp\/v2\/pages\/173\/revisions\/520"}],"wp:attachment":[{"href":"https:\/\/www.papiliandco.be\/index.php?rest_route=%2Fwp%2Fv2%2Fmedia&parent=173"}],"curies":[{"name":"wp","href":"https:\/\/api.w.org\/{rel}","templated":true}]}}