{"id":192,"date":"2025-02-07T17:23:25","date_gmt":"2025-02-07T16:23:25","guid":{"rendered":"https:\/\/www.papiliandco.be\/?page_id=192"},"modified":"2025-02-16T21:24:28","modified_gmt":"2025-02-16T20:24:28","slug":"home","status":"publish","type":"page","link":"https:\/\/www.papiliandco.be\/","title":{"rendered":"Accueil"},"content":{"rendered":"\t\t<div data-elementor-type=\"wp-page\" data-elementor-id=\"192\" class=\"elementor elementor-192\" data-elementor-post-type=\"page\">\n\t\t\t\t<div class=\"elementor-element elementor-element-1e95dc42 e-con-full e-flex e-con e-parent\" data-id=\"1e95dc42\" data-element_type=\"container\" data-settings=\"{&quot;background_background&quot;:&quot;classic&quot;}\">\n\t\t\t\t<div class=\"elementor-element elementor-element-59e3d7dc elementor-widget__width-inherit elementor-widget elementor-widget-hero\" data-id=\"59e3d7dc\" data-element_type=\"widget\" data-settings=\"{&quot;primary_button_shape&quot;:&quot;default&quot;,&quot;image_shape&quot;:&quot;sharp&quot;}\" data-widget_type=\"hero.default\">\n\t\t\t\t<div class=\"elementor-widget-container\">\n\t\t\t\t\t\t\t<div class=\"ehp-hero\">\n\t\t\t\t\t<div class=\"ehp-hero__text-container\">\n\t\t\t<h1 class=\"ehp-hero__heading\">LES DESSERTS DE PAPILI<\/h1>\t\t\t<h3 class=\"ehp-hero__subheading\">Desserts et biscuits faits avec passion depuis 2025<\/h3>\t\t<\/div>\n\t\t\t\t<div class=\"ehp-hero__button-container\">\n\t\t\t\t\t<a class=\"has-shape-default shape-type-button ehp-button ehp-button--primary ehp-hero__button ehp-hero__button--primary is-type-button\">\n\t\t\t\t\t<span class=\"ehp-button__text ehp-hero__button-text ehp-hero__button-text--primary\">\n\t\t\tNous contacter\t\t\t\t<\/a>\n\t\t\t\t<\/div>\n\t\t\t\t\t<div class=\"ehp-image ehp-hero__image-container\">\n\t\t\t\t<img decoding=\"async\" class=\"ehp-image__img ehp-hero__img has-shape-sharp shape-type-image\" src=\"https:\/\/www.papiliandco.be\/wp-content\/uploads\/2025\/02\/IMG_7426-scaled-e1739114306799.webp\" title=\"IMG_7426\" alt=\"IMG_7426\" loading=\"lazy\" \/>\t\t\t<\/div>\n\t\t\t\t\t<\/div>\n\t\t\t\t\t\t<\/div>\n\t\t\t\t<\/div>\n\t\t\t\t<\/div>\n\t\t<div class=\"elementor-element elementor-element-cfff519 e-con-full e-flex e-con e-parent\" data-id=\"cfff519\" data-element_type=\"container\" data-settings=\"{&quot;background_background&quot;:&quot;classic&quot;}\">\n\t\t<div class=\"elementor-element elementor-element-684927be e-con-full e-flex e-con e-child\" data-id=\"684927be\" data-element_type=\"container\" data-settings=\"{&quot;background_background&quot;:&quot;classic&quot;}\">\n\t\t\t\t<\/div>\n\t\t<div class=\"elementor-element elementor-element-1e160f19 e-con-full e-flex e-con e-child\" data-id=\"1e160f19\" data-element_type=\"container\">\n\t\t\t\t<div class=\"elementor-element elementor-element-3a18f108 elementor-invisible elementor-widget elementor-widget-heading\" data-id=\"3a18f108\" data-element_type=\"widget\" data-settings=\"{&quot;_animation&quot;:&quot;fadeInLeft&quot;,&quot;_animation_mobile&quot;:&quot;fadeInDown&quot;}\" data-widget_type=\"heading.default\">\n\t\t\t\t<div class=\"elementor-widget-container\">\n\t\t\t\t\t<h2 class=\"elementor-heading-title elementor-size-default\">Bienvenue chez Papili et Mamilie<\/h2>\t\t\t\t<\/div>\n\t\t\t\t<\/div>\n\t\t\t\t<div class=\"elementor-element elementor-element-2273547b elementor-widget__width-initial elementor-widget elementor-widget-cta\" data-id=\"2273547b\" data-element_type=\"widget\" data-settings=\"{&quot;primary_button_shape&quot;:&quot;sharp&quot;,&quot;layout_preset&quot;:&quot;focus&quot;,&quot;cta_vertical_position&quot;:&quot;start&quot;,&quot;box_shape&quot;:&quot;sharp&quot;}\" data-widget_type=\"cta.default\">\n\t\t\t\t<div class=\"elementor-widget-container\">\n\t\t\t\t\t\t\t<div class=\"has-shape-sharp shape-type-box ehp-cta has-preset-focus\">\n\t\t\t<div class=\"ehp-cta__overlay\"><\/div>\n\t\t\t<div class=\"ehp-cta__elements-container\">\n\t\t\t\t\t\t<div class=\"ehp-cta__text-container\">\n\t\t\t<h2 class=\"ehp-cta__heading\">Desserts  maison faits avec des produits de qualit\u00e9<\/h2><p class=\"ehp-cta__description\">Depuis plus de 20 ans, Papili nous fait de d\u00e9licieux desserts et, maintenant, nous avons envie de les partager avec vous.<\/p>\t\t<\/div>\n\t\t\t\t\t<div class=\"ehp-cta__ctas-container\">\n\t\t\t\t<div class=\"ehp-cta__buttons-wrapper\">\n\t\t\t\t\t\t\t<a class=\"has-shape-sharp shape-type-button ehp-button ehp-button--primary ehp-cta__button ehp-cta__button--primary is-type-button has-border\" href=\"https:\/\/library.elementor.com\/bread-bakery-business-hp\/our-story\/\" target=\"_blank\">\n\t\t\t\t\t<span class=\"ehp-button__text ehp-cta__button-text ehp-cta__button-text--primary\">\n\t\t\tNotre Histoire\t\t\t\t<\/a>\n\t\t\t\t\t\t\t\t\t\t\t<\/div>\n\t\t\t<\/div>\n\t\t\t\t\t<\/div>\n\t\t<\/div>\n\t\t\t\t\t\t<\/div>\n\t\t\t\t<\/div>\n\t\t\t\t<\/div>\n\t\t\t\t<\/div>\n\t\t<div class=\"elementor-element elementor-element-5ee275dd e-flex e-con-boxed e-con e-parent\" data-id=\"5ee275dd\" data-element_type=\"container\" data-settings=\"{&quot;background_background&quot;:&quot;classic&quot;}\">\n\t\t\t\t\t<div class=\"e-con-inner\">\n\t\t\t\t<div class=\"elementor-element elementor-element-14d18685 elementor-invisible elementor-widget elementor-widget-heading\" data-id=\"14d18685\" data-element_type=\"widget\" data-settings=\"{&quot;_animation&quot;:&quot;fadeIn&quot;,&quot;_animation_delay&quot;:&quot;300&quot;}\" data-widget_type=\"heading.default\">\n\t\t\t\t<div class=\"elementor-widget-container\">\n\t\t\t\t\t<h2 class=\"elementor-heading-title elementor-size-default\">D\u00e9couvrez nos produits<\/h2>\t\t\t\t<\/div>\n\t\t\t\t<\/div>\n\t\t\t\t\t<\/div>\n\t\t\t\t<\/div>\n\t\t<div class=\"elementor-element elementor-element-5eba4b29 e-flex e-con-boxed e-con e-parent\" data-id=\"5eba4b29\" data-element_type=\"container\" data-settings=\"{&quot;motion_fx_motion_fx_scrolling&quot;:&quot;yes&quot;,&quot;motion_fx_translateY_effect&quot;:&quot;yes&quot;,&quot;motion_fx_translateY_speed&quot;:{&quot;unit&quot;:&quot;px&quot;,&quot;size&quot;:&quot;1&quot;,&quot;sizes&quot;:[]},&quot;motion_fx_translateY_affectedRange&quot;:{&quot;unit&quot;:&quot;%&quot;,&quot;size&quot;:&quot;&quot;,&quot;sizes&quot;:{&quot;start&quot;:&quot;25&quot;,&quot;end&quot;:&quot;75&quot;}},&quot;background_background&quot;:&quot;classic&quot;,&quot;motion_fx_devices&quot;:[&quot;desktop&quot;,&quot;tablet&quot;,&quot;mobile&quot;]}\">\n\t\t\t\t\t<div class=\"e-con-inner\">\n\t\t\t\t<div class=\"elementor-element elementor-element-3a22349c elementor-widget__width-initial elementor-position-top elementor-widget elementor-widget-image-box\" data-id=\"3a22349c\" data-element_type=\"widget\" data-widget_type=\"image-box.default\">\n\t\t\t\t<div class=\"elementor-widget-container\">\n\t\t\t\t\t<div class=\"elementor-image-box-wrapper\"><figure class=\"elementor-image-box-img\"><img fetchpriority=\"high\" decoding=\"async\" width=\"300\" height=\"251\" src=\"https:\/\/www.papiliandco.be\/wp-content\/uploads\/2025\/02\/IMG_2604-scaled-e1739718462301-300x251.jpg\" class=\"attachment-medium size-medium wp-image-370\" alt=\"\" srcset=\"https:\/\/www.papiliandco.be\/wp-content\/uploads\/2025\/02\/IMG_2604-scaled-e1739718462301-300x251.jpg 300w, https:\/\/www.papiliandco.be\/wp-content\/uploads\/2025\/02\/IMG_2604-scaled-e1739718462301-1024x856.jpg 1024w, https:\/\/www.papiliandco.be\/wp-content\/uploads\/2025\/02\/IMG_2604-scaled-e1739718462301-768x642.jpg 768w, https:\/\/www.papiliandco.be\/wp-content\/uploads\/2025\/02\/IMG_2604-scaled-e1739718462301-1536x1283.jpg 1536w, https:\/\/www.papiliandco.be\/wp-content\/uploads\/2025\/02\/IMG_2604-scaled-e1739718462301.jpg 1843w\" sizes=\"(max-width: 300px) 100vw, 300px\" \/><\/figure><div class=\"elementor-image-box-content\"><h3 class=\"elementor-image-box-title\">Mousse au chocolat<\/h3><p class=\"elementor-image-box-description\">Discover the warmth of freshly baked bread and treats made from scratch every day\u200b<\/p><\/div><\/div>\t\t\t\t<\/div>\n\t\t\t\t<\/div>\n\t\t\t\t<div class=\"elementor-element elementor-element-6ea3d563 elementor-widget__width-initial elementor-position-top elementor-widget elementor-widget-image-box\" data-id=\"6ea3d563\" data-element_type=\"widget\" data-widget_type=\"image-box.default\">\n\t\t\t\t<div class=\"elementor-widget-container\">\n\t\t\t\t\t<div class=\"elementor-image-box-wrapper\"><figure class=\"elementor-image-box-img\"><img decoding=\"async\" width=\"300\" height=\"200\" src=\"https:\/\/www.papiliandco.be\/wp-content\/uploads\/2025\/02\/creme-chocolat-300x200.webp\" class=\"attachment-medium size-medium wp-image-286\" alt=\"\" \/><\/figure><div class=\"elementor-image-box-content\"><h3 class=\"elementor-image-box-title\">Dessert lact\u00e9<\/h3><p class=\"elementor-image-box-description\">Take your outings up a notch with baskets filled with artisan bread and accompaniments<\/p><\/div><\/div>\t\t\t\t<\/div>\n\t\t\t\t<\/div>\n\t\t\t\t<div class=\"elementor-element elementor-element-126a6b7 elementor-widget__width-initial elementor-position-top elementor-widget elementor-widget-image-box\" data-id=\"126a6b7\" data-element_type=\"widget\" data-widget_type=\"image-box.default\">\n\t\t\t\t<div class=\"elementor-widget-container\">\n\t\t\t\t\t<div class=\"elementor-image-box-wrapper\"><figure class=\"elementor-image-box-img\"><img decoding=\"async\" width=\"294\" height=\"300\" src=\"https:\/\/www.papiliandco.be\/wp-content\/uploads\/2025\/02\/IMG_2603-scaled-e1739718264878-294x300.jpg\" class=\"attachment-medium size-medium wp-image-368\" alt=\"\" \/><\/figure><div class=\"elementor-image-box-content\"><h3 class=\"elementor-image-box-title\">Biscuits<\/h3><\/div><\/div>\t\t\t\t<\/div>\n\t\t\t\t<\/div>\n\t\t\t\t\t<\/div>\n\t\t\t\t<\/div>\n\t\t\t\t<\/div>\n\t\t","protected":false},"excerpt":{"rendered":"<p>LES DESSERTS DE PAPILI Desserts et biscuits faits avec passion depuis 2025 Nous contacter Bienvenue chez Papili et Mamilie Desserts maison faits avec des produits de qualit\u00e9 Depuis plus de 20 ans, Papili nous fait de d\u00e9licieux desserts et, maintenant, nous avons envie de les partager avec vous. Notre Histoire D\u00e9couvrez nos produits Mousse au [&hellip;]<\/p>\n","protected":false},"author":1,"featured_media":0,"parent":0,"menu_order":0,"comment_status":"closed","ping_status":"closed","template":"elementor_header_footer","meta":{"footnotes":""},"class_list":["post-192","page","type-page","status-publish","hentry"],"_links":{"self":[{"href":"https:\/\/www.papiliandco.be\/index.php?rest_route=\/wp\/v2\/pages\/192","targetHints":{"allow":["GET"]}}],"collection":[{"href":"https:\/\/www.papiliandco.be\/index.php?rest_route=\/wp\/v2\/pages"}],"about":[{"href":"https:\/\/www.papiliandco.be\/index.php?rest_route=\/wp\/v2\/types\/page"}],"author":[{"embeddable":true,"href":"https:\/\/www.papiliandco.be\/index.php?rest_route=\/wp\/v2\/users\/1"}],"replies":[{"embeddable":true,"href":"https:\/\/www.papiliandco.be\/index.php?rest_route=%2Fwp%2Fv2%2Fcomments&post=192"}],"version-history":[{"count":118,"href":"https:\/\/www.papiliandco.be\/index.php?rest_route=\/wp\/v2\/pages\/192\/revisions"}],"predecessor-version":[{"id":516,"href":"https:\/\/www.papiliandco.be\/index.php?rest_route=\/wp\/v2\/pages\/192\/revisions\/516"}],"wp:attachment":[{"href":"https:\/\/www.papiliandco.be\/index.php?rest_route=%2Fwp%2Fv2%2Fmedia&parent=192"}],"curies":[{"name":"wp","href":"https:\/\/api.w.org\/{rel}","templated":true}]}}